{"id":1015,"date":"2014-10-11T17:14:18","date_gmt":"2014-10-11T17:14:18","guid":{"rendered":"http:\/\/blogg.bergmanolson.se\/?page_id=1015"},"modified":"2014-12-10T15:42:39","modified_gmt":"2014-12-10T15:42:39","slug":"foreningens-fysiska-arkiv","status":"publish","type":"page","link":"https:\/\/blogg.bergmanolson.se\/?page_id=1015","title":{"rendered":"F\u00f6reningens eget arkiv"},"content":{"rendered":"<p>F\u00f6reningens arkiv, de Bergman Olson-Almska samlingarna, f\u00f6rvaras p\u00e5 <a title=\"Stockholms stadsarkiv\" href=\"http:\/\/www.ssa.stockholm.se\/\" target=\"_blank\">Stockholms stadsarkiv<\/a><\/p>\n<p>Du kan titta p\u00e5 arkivf\u00f6rteckningen direkt p\u00e5 n\u00e4tet:<\/p>\n<p><a title=\"Arkivf\u00f6rteckningen\" href=\"http:\/\/sok.riksarkivet.se\/nad?Sokord=bergman+olson&amp;postid=Arkis+AAF408F0-ACFC-472A-B2A0-D18E8C1C91E4\" target=\"_blank\">Arkivf\u00f6rteckningen<\/a> f\u00f6r de Bergman Olson-Almska samlingarna online.<\/p>\n<p><a title=\"Arkivf\u00f6rteckningen\" href=\"http:\/\/media.bergmanolson.se\/2014\/12\/arkivforteckningfull-email.pdf\">Arkivf\u00f6rteckningen<\/a> i PDF-format.<\/p>\n","protected":false},"excerpt":{"rendered":"<p>F\u00f6reningens arkiv, de Bergman Olson-Almska samlingarna, f\u00f6rvaras p\u00e5 Stockholms stadsarkiv Du kan titta p\u00e5 arkivf\u00f6rteckningen direkt p\u00e5 n\u00e4tet: Arkivf\u00f6rteckningen f\u00f6r de Bergman Olson-Almska samlingarna online. Arkivf\u00f6rteckningen i PDF-format.<\/p>\n","protected":false},"author":1,"featured_media":0,"parent":741,"menu_order":10,"comment_status":"open","ping_status":"open","template":"","meta":[],"_links":{"self":[{"href":"https:\/\/blogg.bergmanolson.se\/index.php?rest_route=\/wp\/v2\/pages\/1015"}],"collection":[{"href":"https:\/\/blogg.bergmanolson.se\/index.php?rest_route=\/wp\/v2\/pages"}],"about":[{"href":"https:\/\/blogg.bergmanolson.se\/index.php?rest_route=\/wp\/v2\/types\/page"}],"author":[{"embeddable":true,"href":"https:\/\/blogg.bergmanolson.se\/index.php?rest_route=\/wp\/v2\/users\/1"}],"replies":[{"embeddable":true,"href":"https:\/\/blogg.bergmanolson.se\/index.php?rest_route=%2Fwp%2Fv2%2Fcomments&post=1015"}],"version-history":[{"count":9,"href":"https:\/\/blogg.bergmanolson.se\/index.php?rest_route=\/wp\/v2\/pages\/1015\/revisions"}],"predecessor-version":[{"id":1051,"href":"https:\/\/blogg.bergmanolson.se\/index.php?rest_route=\/wp\/v2\/pages\/1015\/revisions\/1051"}],"up":[{"embeddable":true,"href":"https:\/\/blogg.bergmanolson.se\/index.php?rest_route=\/wp\/v2\/pages\/741"}],"wp:attachment":[{"href":"https:\/\/blogg.bergmanolson.se\/index.php?rest_route=%2Fwp%2Fv2%2Fmedia&parent=1015"}],"curies":[{"name":"wp","href":"https:\/\/api.w.org\/{rel}","templated":true}]}}