{"id":1065,"date":"2015-03-10T13:18:41","date_gmt":"2015-03-10T13:18:41","guid":{"rendered":"http:\/\/blogg.bergmanolson.se\/?page_id=1065"},"modified":"2015-11-10T13:46:50","modified_gmt":"2015-11-10T13:46:50","slug":"videos-om-slakthistorien","status":"publish","type":"page","link":"https:\/\/blogg.bergmanolson.se\/?page_id=1065","title":{"rendered":"Historisk skogsexport Play"},"content":{"rendered":"<p>Vad vet du egentligen om Johan Bergman Olson, familjen, verksamheten i b\u00e5de Kalix \u00e4lvdal och i Storstockholm? Vad vet du om dina \u00e4ldre f\u00f6rf\u00e4der i Pite\u00e5, Arjeplog och J\u00e4mtland? Titta t.ex. p\u00e5 den enkla TV-serien i sex halvtimmesavsnitt, som finns publicerade inom projektet Ekomuseum Historisk skogsexport fr\u00e5n Kalix \u00e4lvdal!<\/p>\n<p><a href=\"https:\/\/archive.org\/search.php?query=creator%3A%22Historisk%20skogsexport%20Play%22&#038;sort=titleSorter\"><img decoding=\"async\" src=\"http:\/\/www.esplanaden.se\/files\/907538\/kw1.jpg\" alt=\"Historisk skogsexport Play\" \/><\/a><\/p>\n<p>G\u00e5 till <a href=\"https:\/\/archive.org\/search.php?query=creator%3A%22Historisk%20skogsexport%20Play%22&#038;sort=titleSorter\">Historisk skogsexport Play<\/a>!<\/p>\n","protected":false},"excerpt":{"rendered":"<p>Vad vet du egentligen om Johan Bergman Olson, familjen, verksamheten i b\u00e5de Kalix \u00e4lvdal och i Storstockholm? Vad vet du om dina \u00e4ldre f\u00f6rf\u00e4der i Pite\u00e5, Arjeplog och J\u00e4mtland? Titta t.ex. p\u00e5 den enkla TV-serien i sex halvtimmesavsnitt, som finns &hellip; <a href=\"https:\/\/blogg.bergmanolson.se\/?page_id=1065\">Forts\u00e4tt l\u00e4sa <span class=\"meta-nav\">&rarr;<\/span><\/a><\/p>\n","protected":false},"author":1,"featured_media":0,"parent":741,"menu_order":0,"comment_status":"open","ping_status":"open","template":"","meta":[],"_links":{"self":[{"href":"https:\/\/blogg.bergmanolson.se\/index.php?rest_route=\/wp\/v2\/pages\/1065"}],"collection":[{"href":"https:\/\/blogg.bergmanolson.se\/index.php?rest_route=\/wp\/v2\/pages"}],"about":[{"href":"https:\/\/blogg.bergmanolson.se\/index.php?rest_route=\/wp\/v2\/types\/page"}],"author":[{"embeddable":true,"href":"https:\/\/blogg.bergmanolson.se\/index.php?rest_route=\/wp\/v2\/users\/1"}],"replies":[{"embeddable":true,"href":"https:\/\/blogg.bergmanolson.se\/index.php?rest_route=%2Fwp%2Fv2%2Fcomments&post=1065"}],"version-history":[{"count":6,"href":"https:\/\/blogg.bergmanolson.se\/index.php?rest_route=\/wp\/v2\/pages\/1065\/revisions"}],"predecessor-version":[{"id":1114,"href":"https:\/\/blogg.bergmanolson.se\/index.php?rest_route=\/wp\/v2\/pages\/1065\/revisions\/1114"}],"up":[{"embeddable":true,"href":"https:\/\/blogg.bergmanolson.se\/index.php?rest_route=\/wp\/v2\/pages\/741"}],"wp:attachment":[{"href":"https:\/\/blogg.bergmanolson.se\/index.php?rest_route=%2Fwp%2Fv2%2Fmedia&parent=1065"}],"curies":[{"name":"wp","href":"https:\/\/api.w.org\/{rel}","templated":true}]}}