{"id":884,"date":"2012-11-05T22:06:13","date_gmt":"2012-11-05T22:06:13","guid":{"rendered":"http:\/\/blogg.bergmanolson.se\/?page_id=884"},"modified":"2014-10-11T17:27:55","modified_gmt":"2014-10-11T17:27:55","slug":"forsaljning","status":"publish","type":"page","link":"https:\/\/blogg.bergmanolson.se\/?page_id=884","title":{"rendered":"F\u00f6rs\u00e4ljning (inkl. boken Kalix-Waldemarsudde)"},"content":{"rendered":"<p>Nu kan du k\u00f6pa trycksaker och mycket i annat i samarbete mellan F\u00f6reningen Johan Bergman Olsons \u00e4ttlingar och projektet Historisk skogsexport fr\u00e5n Kalix \u00e4lvdal.<\/p>\n<p>G\u00e5 till f\u00f6rs\u00e4ljningen i <a href=\"http:\/\/historiskskogsexport.storedo.com\" target=\"_blank\">e-butiken<\/a>!<\/p>\n","protected":false},"excerpt":{"rendered":"<p>Nu kan du k\u00f6pa trycksaker och mycket i annat i samarbete mellan F\u00f6reningen Johan Bergman Olsons \u00e4ttlingar och projektet Historisk skogsexport fr\u00e5n Kalix \u00e4lvdal. G\u00e5 till f\u00f6rs\u00e4ljningen i e-butiken!<\/p>\n","protected":false},"author":1,"featured_media":0,"parent":741,"menu_order":40,"comment_status":"open","ping_status":"open","template":"","meta":[],"_links":{"self":[{"href":"https:\/\/blogg.bergmanolson.se\/index.php?rest_route=\/wp\/v2\/pages\/884"}],"collection":[{"href":"https:\/\/blogg.bergmanolson.se\/index.php?rest_route=\/wp\/v2\/pages"}],"about":[{"href":"https:\/\/blogg.bergmanolson.se\/index.php?rest_route=\/wp\/v2\/types\/page"}],"author":[{"embeddable":true,"href":"https:\/\/blogg.bergmanolson.se\/index.php?rest_route=\/wp\/v2\/users\/1"}],"replies":[{"embeddable":true,"href":"https:\/\/blogg.bergmanolson.se\/index.php?rest_route=%2Fwp%2Fv2%2Fcomments&post=884"}],"version-history":[{"count":11,"href":"https:\/\/blogg.bergmanolson.se\/index.php?rest_route=\/wp\/v2\/pages\/884\/revisions"}],"predecessor-version":[{"id":1156,"href":"https:\/\/blogg.bergmanolson.se\/index.php?rest_route=\/wp\/v2\/pages\/884\/revisions\/1156"}],"up":[{"embeddable":true,"href":"https:\/\/blogg.bergmanolson.se\/index.php?rest_route=\/wp\/v2\/pages\/741"}],"wp:attachment":[{"href":"https:\/\/blogg.bergmanolson.se\/index.php?rest_route=%2Fwp%2Fv2%2Fmedia&parent=884"}],"curies":[{"name":"wp","href":"https:\/\/api.w.org\/{rel}","templated":true}]}}